{"id":2765,"date":"2019-09-08T09:41:18","date_gmt":"2019-09-08T06:41:18","guid":{"rendered":"https:\/\/mysoftworlds.com\/software-development\/"},"modified":"2023-10-03T23:15:38","modified_gmt":"2023-10-03T20:15:38","slug":"software-development","status":"publish","type":"page","link":"https:\/\/mysoftworlds.com\/en\/software-development\/","title":{"rendered":"SOFTWARE DEVELOPMENT"},"content":{"rendered":"<p>[et_pb_section fb_built=&#8221;1&#8243; _builder_version=&#8221;3.27.4&#8243; custom_padding=&#8221;23px|||||&#8221; fb_built=&#8221;1&#8243; _i=&#8221;0&#8243; _address=&#8221;0&#8243;][et_pb_row _builder_version=&#8221;3.27.4&#8243; module_alignment=&#8221;center&#8221; min_height=&#8221;129px&#8221; custom_margin=&#8221;-70px|auto||auto||&#8221; _i=&#8221;0&#8243; _address=&#8221;0.0&#8243;][et_pb_column type=&#8221;4_4&#8243; _builder_version=&#8221;3.27.4&#8243; _i=&#8221;0&#8243; _address=&#8221;0.0.0&#8243;][et_pb_text _builder_version=&#8221;3.27.4&#8243; custom_padding=&#8221;|||0px||&#8221; animation_style=&#8221;fade&#8221; _i=&#8221;0&#8243; _address=&#8221;0.0.0.0&#8243;]<\/p>\n<h1 class=\"title\" style=\"text-align: center;\"><span style=\"color: #ffcc00;\">Software development <\/span><\/h1>\n<div class=\"breadcrumb\" style=\"text-align: center;\"><a href=\"https:\/\/www.mysoftworlds.com\/\" rel=\"nofollow\">Home \u00bb Software Development<\/a><\/div>\n<p>[\/et_pb_text][\/et_pb_column][\/et_pb_row][\/et_pb_section][et_pb_section fb_built=&#8221;1&#8243; _builder_version=&#8221;3.27.4&#8243; min_height=&#8221;658px&#8221; custom_padding=&#8221;0px|||0px||&#8221; fb_built=&#8221;1&#8243; _i=&#8221;1&#8243; _address=&#8221;1&#8243;][et_pb_row _builder_version=&#8221;3.27.4&#8243; width=&#8221;100%&#8221; module_alignment=&#8221;center&#8221; custom_margin=&#8221;2px|78px||-1px||&#8221; custom_padding=&#8221;|0px|0px|0px||&#8221; _i=&#8221;0&#8243; _address=&#8221;1.0&#8243;][et_pb_column type=&#8221;4_4&#8243; _builder_version=&#8221;3.27.4&#8243; _i=&#8221;0&#8243; _address=&#8221;1.0.0&#8243;][et_pb_slider _builder_version=&#8221;3.27.4&#8243; width=&#8221;100%&#8221; min_height=&#8221;218px&#8221; custom_margin=&#8221;-66px|-105px|-2px|-2px||&#8221; custom_padding=&#8221;117px|0px|117px|0px|true|&#8221; _i=&#8221;0&#8243; _address=&#8221;1.0.0.0&#8243;][et_pb_slide heading=&#8221;Android and IOS Mobile Application Software Solutions&#8221; use_bg_overlay=&#8221;off&#8221; use_text_overlay=&#8221;on&#8221; arrows_custom_color=&#8221;#000000&#8243; _builder_version=&#8221;3.27.4&#8243; body_font=&#8221;|600|||||||&#8221; body_text_color=&#8221;#ffffff&#8221; background_image=&#8221;http:\/\/mysoftworlds.com\/wp-content\/uploads\/2019\/09\/mobil-uygulama-geli\u015ftirme.jpeg&#8221; background_enable_image=&#8221;on&#8221; hover_enabled=&#8221;0&#8243; _i=&#8221;0&#8243; _address=&#8221;1.0.0.0.0&#8243;]<\/p>\n<h2 class=\"rdn-slider-title animated fadeInUp\"><\/h2>\n<p class=\"animated fadeInUp\">We develop mobile applications for devices with Android and IOS operating systems.<\/p>\n<p>[\/et_pb_slide][et_pb_slide heading=&#8221;Web Application and Mobile Application&#8221; use_bg_overlay=&#8221;off&#8221; use_text_overlay=&#8221;on&#8221; arrows_custom_color=&#8221;#000000&#8243; _builder_version=&#8221;3.27.4&#8243; body_font=&#8221;|600|||||||&#8221; body_text_color=&#8221;#ffffff&#8221; background_image=&#8221;http:\/\/mysoftworlds.com\/wp-content\/uploads\/2019\/09\/mobil-uygulama-yaz\u0131l\u0131m\u0131.jpeg&#8221; background_enable_image=&#8221;on&#8221; hover_enabled=&#8221;0&#8243; _i=&#8221;1&#8243; _address=&#8221;1.0.0.0.1&#8243;]<\/p>\n<h3 class=\"rdn-slider-title animated fadeInUp\">We develop web applications and mobile applications for the software solution you need.<\/h3>\n<p>[\/et_pb_slide][et_pb_slide heading=&#8221;E-Commerce Software&#8221; use_bg_overlay=&#8221;off&#8221; use_text_overlay=&#8221;on&#8221; arrows_custom_color=&#8221;#000000&#8243; _builder_version=&#8221;3.27.4&#8243; body_font=&#8221;|600|||||||&#8221; body_text_color=&#8221;#ffffff&#8221; background_image=&#8221;http:\/\/mysoftworlds.com\/wp-content\/uploads\/2019\/09\/e-ticaret-yaz\u0131l\u0131m\u0131.jpeg&#8221; background_enable_image=&#8221;on&#8221; hover_enabled=&#8221;0&#8243; _i=&#8221;2&#8243; _address=&#8221;1.0.0.0.2&#8243;]<\/p>\n<h3 class=\"rdn-slider-title animated fadeInUp\"> The most important way to open up to the world is to have an e-commerce website and mobile application.<\/h3>\n<p>[\/et_pb_slide][et_pb_slide heading=&#8221;Web and Mobile Design&#8221; use_bg_overlay=&#8221;off&#8221; use_text_overlay=&#8221;on&#8221; arrows_custom_color=&#8221;#000000&#8243; _builder_version=&#8221;3.27.4&#8243; body_font=&#8221;|600|||||||&#8221; body_text_color=&#8221;#ffffff&#8221; background_image=&#8221;http:\/\/mysoftworlds.com\/wp-content\/uploads\/2019\/09\/web-dizayn-grafik-tasar\u0131m.jpg&#8221; background_enable_image=&#8221;on&#8221; hover_enabled=&#8221;0&#8243; _i=&#8221;3&#8243; _address=&#8221;1.0.0.0.3&#8243;]<\/p>\n<h2 class=\"rdn-slider-title animated fadeInUp\"> We create graphic designs with the best user experience and add value to your web and\/or mobile applications.<\/h2>\n<p>[\/et_pb_slide][\/et_pb_slider][\/et_pb_column][\/et_pb_row][et_pb_row column_structure=&#8221;3_5,2_5&#8243; _builder_version=&#8221;3.27.4&#8243; background_color=&#8221;rgba(193,193,193,0)&#8221; custom_margin=&#8221;6px|auto||auto||&#8221; _i=&#8221;1&#8243; _address=&#8221;1.1&#8243;][et_pb_column type=&#8221;3_5&#8243; _builder_version=&#8221;3.27.4&#8243; _i=&#8221;0&#8243; _address=&#8221;1.1.0&#8243;][et_pb_text _builder_version=&#8221;3.27.4&#8243; _i=&#8221;0&#8243; _address=&#8221;1.1.0.0&#8243;]<\/p>\n<h3 class=\"rdn-callout-title\"><span style=\"color: #ff9900;\">If You Believe in Your Project, Don&#8217;t Waste Any Time to Realize It<\/span><\/h3>\n<p>Whether you are a young entrepreneur or a corporate company, the important thing is to DECISION.<\/p>\n<p>[\/et_pb_text][\/et_pb_column][et_pb_column type=&#8221;2_5&#8243; _builder_version=&#8221;3.27.4&#8243; _i=&#8221;1&#8243; _address=&#8221;1.1.1&#8243;][et_pb_button button_url=&#8221;http:\/\/mysoftworlds.com\/contact\/&#8221; button_text=&#8221;Call us&#8221; button_alignment=&#8221;right&#8221; _builder_version=&#8221;3.27.4&#8243; custom_button=&#8221;on&#8221; button_text_color=&#8221;#e09900&#8243; hover_enabled=&#8221;0&#8243; _i=&#8221;0&#8243; _address=&#8221;1.1.1.0&#8243;][\/et_pb_button][\/et_pb_column][\/et_pb_row][\/et_pb_section][et_pb_section fb_built=&#8221;1&#8243; _builder_version=&#8221;3.22&#8243; custom_margin=&#8221;-82px|||||&#8221; custom_padding=&#8221;0px|0px|54px|0px&#8221; fb_built=&#8221;1&#8243; _i=&#8221;2&#8243; _address=&#8221;2&#8243;][et_pb_row column_structure=&#8221;1_3,1_3,1_3&#8243; _builder_version=&#8221;3.25&#8243; background_size=&#8221;initial&#8221; background_position=&#8221;top_left&#8221; background_repeat=&#8221;repeat&#8221; _i=&#8221;0&#8243; _address=&#8221;2.0&#8243;][et_pb_column type=&#8221;1_3&#8243; _builder_version=&#8221;3.25&#8243; custom_padding=&#8221;|||&#8221; _i=&#8221;0&#8243; _address=&#8221;2.0.0&#8243; custom_padding__hover=&#8221;|||&#8221;][et_pb_blurb title=&#8221;3D Architectural Design &#8221; url=&#8221;http:\/\/mysoftworlds.com\/mimari-tasarimlar\/&#8221; use_icon=&#8221;on&#8221; font_icon=&#8221;%%374%%&#8221; icon_color=&#8221;#7c4dd5&#8243; icon_placement=&#8221;left&#8221; admin_label=&#8221;Blurb&#8221; _builder_version=&#8221;3.27.4&#8243; background_size=&#8221;initial&#8221; background_position=&#8221;top_left&#8221; background_repeat=&#8221;repeat&#8221; border_radii=&#8221;on|2px|2px|2px|2px&#8221; border_color_all=&#8221;#b3b3b3&#8243; box_shadow_style=&#8221;preset2&#8243; custom_padding=&#8221;||11px|||&#8221; animation=&#8221;off&#8221; link_option_url=&#8221;http:\/\/mysoftworlds.com\/3d-mimari-tasarim&#8221; _i=&#8221;0&#8243; _address=&#8221;2.0.0.0&#8243;]<\/p>\n<p>We are ready to bring your projects to life.<\/p>\n<p>&nbsp;<\/p>\n<p>[\/et_pb_blurb][et_pb_blurb title=&#8221;Software development&#8221; url=&#8221;http:\/\/mysoftworlds.com\/yazilim-gelistirme\/&#8221; use_icon=&#8221;on&#8221; font_icon=&#8221;%%176%%&#8221; icon_color=&#8221;#7c4dd5&#8243; icon_placement=&#8221;left&#8221; admin_label=&#8221;Blurb&#8221; _builder_version=&#8221;3.27.4&#8243; background_size=&#8221;initial&#8221; background_position=&#8221;top_left&#8221; background_repeat=&#8221;repeat&#8221; border_radii=&#8221;on|2px|2px|2px|2px&#8221; border_color_all=&#8221;#b3b3b3&#8243; box_shadow_style=&#8221;preset2&#8243; custom_padding=&#8221;||22px|||&#8221; animation=&#8221;off&#8221; link_option_url=&#8221;http:\/\/mysoftworlds.com\/yazilim-gelistirme\/&#8221; _i=&#8221;1&#8243; _address=&#8221;2.0.0.1&#8243;]<\/p>\n<p>You can increase your productivity with the Software Application.<\/p>\n<p>[\/et_pb_blurb][\/et_pb_column][et_pb_column type=&#8221;1_3&#8243; _builder_version=&#8221;3.25&#8243; custom_padding=&#8221;|||&#8221; _i=&#8221;1&#8243; _address=&#8221;2.0.1&#8243; custom_padding__hover=&#8221;|||&#8221;][et_pb_blurb title=&#8221;Graphic design &#8221; url=&#8221;http:\/\/mysoftworlds.com\/grafik-tasarim\/&#8221; use_icon=&#8221;on&#8221; font_icon=&#8221;%%150%%&#8221; icon_color=&#8221;#7c4dd5&#8243; icon_placement=&#8221;left&#8221; admin_label=&#8221;Blurb&#8221; _builder_version=&#8221;3.27.4&#8243; background_size=&#8221;initial&#8221; background_position=&#8221;top_left&#8221; background_repeat=&#8221;repeat&#8221; border_radii=&#8221;on|1px|1px|1px|1px&#8221; border_color_all=&#8221;#b3b3b3&#8243; box_shadow_style=&#8221;preset2&#8243; animation=&#8221;off&#8221; link_option_url=&#8221;http:\/\/mysoftworlds.com\/grafik-tasarim&#8221; _i=&#8221;0&#8243; _address=&#8221;2.0.1.0&#8243;]<\/p>\n<p>Effective logo &#8211; corporate identity helps your brand to be remembered more strongly.<\/p>\n<p>[\/et_pb_blurb][et_pb_blurb title=&#8221;3D Modeling&#8221; url=&#8221;http:\/\/mysoftworlds.com\/3d-modelleme\/&#8221; use_icon=&#8221;on&#8221; font_icon=&#8221;%%303%%&#8221; icon_color=&#8221;#8300e9&#8243; icon_placement=&#8221;left&#8221; admin_label=&#8221;Blurb&#8221; _builder_version=&#8221;3.27.4&#8243; background_size=&#8221;initial&#8221; background_position=&#8221;top_left&#8221; background_repeat=&#8221;repeat&#8221; border_radii=&#8221;on|1px|1px|1px|1px&#8221; border_color_all=&#8221;#b3b3b3&#8243; box_shadow_style=&#8221;preset2&#8243; custom_margin=&#8221;||2px|||&#8221; custom_padding=&#8221;||23px|||&#8221; animation=&#8221;off&#8221; link_option_url=&#8221;http:\/\/mysoftworlds.com\/3d-modelleme&#8221; _i=&#8221;1&#8243; _address=&#8221;2.0.1.1&#8243;]<\/p>\n<p>We bring together your imagination and design.<\/p>\n<p>[\/et_pb_blurb][\/et_pb_column][et_pb_column type=&#8221;1_3&#8243; _builder_version=&#8221;3.25&#8243; custom_padding=&#8221;|||&#8221; _i=&#8221;2&#8243; _address=&#8221;2.0.2&#8243; custom_padding__hover=&#8221;|||&#8221;][et_pb_blurb title=&#8221;Web Design &#8221; url=&#8221;http:\/\/mysoftworlds.com\/web-tasarim&#8221; use_icon=&#8221;on&#8221; font_icon=&#8221;%%106%%&#8221; icon_color=&#8221;#7c4dd5&#8243; icon_placement=&#8221;left&#8221; admin_label=&#8221;Blurb&#8221; _builder_version=&#8221;3.27.4&#8243; header_font=&#8221;||||||||&#8221; header_text_align=&#8221;left&#8221; header_text_color=&#8221;#000000&#8243; body_text_align=&#8221;left&#8221; background_size=&#8221;initial&#8221; background_position=&#8221;top_left&#8221; background_repeat=&#8221;repeat&#8221; border_radii=&#8221;on|3px|3px|3px|3px&#8221; border_color_all=&#8221;#b3b3b3&#8243; box_shadow_style=&#8221;preset2&#8243; animation=&#8221;off&#8221; link_option_url=&#8221;http:\/\/mysoftworlds.com\/web-tasarim&#8221; header_line_height_last_edited=&#8221;off|desktop&#8221; _i=&#8221;0&#8243; _address=&#8221;2.0.2.0&#8243; header_line_height__hover_enabled=&#8221;off|desktop&#8221;]<\/p>\n<div class=\"arkabeyaz vc_column_container vc_col-sm-4 vc_col-xs-6 vc_custom_1549010180176\">\n<div class=\"wpb_wrapper vc_column-inner\">\n<div class=\"porto-sicon-wrapper vc_custom_1549278057588 style_1\">\n<div class=\"porto-sicon-box top-icon\">\n<div class=\"porto-sicon-description\">Let&#8217;s prepare your place in this digital world, which is today&#8217;s most effective promotion and communication tool.<\/div>\n<\/div>\n<\/div>\n<\/div>\n<\/div>\n<div class=\"arkabeyaz vc_column_container vc_col-sm-4 vc_col-xs-6 vc_custom_1549012199050\">\n<div class=\"wpb_wrapper vc_column-inner\">\n<div class=\"porto-sicon-wrapper vc_custom_1549278128133 style_1\"><\/div>\n<\/div>\n<\/div>\n<p>[\/et_pb_blurb][et_pb_blurb title=&#8221;Video Animation&#8221; url=&#8221;http:\/\/mysoftworlds.com\/video-animasyon\/&#8221; use_icon=&#8221;on&#8221; font_icon=&#8221;%%129%%&#8221; icon_color=&#8221;#7c4dd5&#8243; icon_placement=&#8221;left&#8221; admin_label=&#8221;Blurb&#8221; _builder_version=&#8221;3.27.4&#8243; background_size=&#8221;initial&#8221; background_position=&#8221;top_left&#8221; background_repeat=&#8221;repeat&#8221; border_color_all=&#8221;#b3b3b3&#8243; box_shadow_style=&#8221;preset2&#8243; animation=&#8221;off&#8221; link_option_url=&#8221;http:\/\/mysoftworlds.com\/video&#8221; _i=&#8221;1&#8243; _address=&#8221;2.0.2.1&#8243;]<\/p>\n<p>Let us prepare promotional films of your company and product with different lenses.<\/p>\n<p>[\/et_pb_blurb][\/et_pb_column][\/et_pb_row][\/et_pb_section]<\/p>\n","protected":false},"excerpt":{"rendered":"<p>[et_pb_section fb_built=&#8221;1&#8243; _builder_version=&#8221;3.27.4&#8243; custom_padding=&#8221;23px|||||&#8221; fb_built=&#8221;1&#8243; _i=&#8221;0&#8243; _address=&#8221;0&#8243;][et_pb_row _builder_version=&#8221;3.27.4&#8243; module_alignment=&#8221;center&#8221; min_height=&#8221;129px&#8221; custom_margin=&#8221;-70px|auto||auto||&#8221; _i=&#8221;0&#8243; _address=&#8221;0.0&#8243;][et_pb_column type=&#8221;4_4&#8243; _builder_version=&#8221;3.27.4&#8243; _i=&#8221;0&#8243; _address=&#8221;0.0.0&#8243;][et_pb_text _builder_version=&#8221;3.27.4&#8243; custom_padding=&#8221;|||0px||&#8221; animation_style=&#8221;fade&#8221; _i=&#8221;0&#8243; _address=&#8221;0.0.0.0&#8243;] Software development Home \u00bb Software Development [\/et_pb_text][\/et_pb_column][\/et_pb_row][\/et_pb_section][et_pb_section fb_built=&#8221;1&#8243; _builder_version=&#8221;3.27.4&#8243; min_height=&#8221;658px&#8221; custom_padding=&#8221;0px|||0px||&#8221; fb_built=&#8221;1&#8243; _i=&#8221;1&#8243; _address=&#8221;1&#8243;][et_pb_row _builder_version=&#8221;3.27.4&#8243; width=&#8221;100%&#8221; module_alignment=&#8221;center&#8221; custom_margin=&#8221;2px|78px||-1px||&#8221; custom_padding=&#8221;|0px|0px|0px||&#8221; _i=&#8221;0&#8243; _address=&#8221;1.0&#8243;][et_pb_column type=&#8221;4_4&#8243; _builder_version=&#8221;3.27.4&#8243; _i=&#8221;0&#8243; _address=&#8221;1.0.0&#8243;][et_pb_slider _builder_version=&#8221;3.27.4&#8243; width=&#8221;100%&#8221; min_height=&#8221;218px&#8221; custom_margin=&#8221;-66px|-105px|-2px|-2px||&#8221; custom_padding=&#8221;117px|0px|117px|0px|true|&#8221; _i=&#8221;0&#8243; _address=&#8221;1.0.0.0&#8243;][et_pb_slide heading=&#8221;Android [&hellip;]<\/p>\n","protected":false},"author":1,"featured_media":0,"parent":0,"menu_order":0,"comment_status":"closed","ping_status":"closed","template":"","meta":{"_et_pb_use_builder":"on","_et_pb_old_content":""},"aioseo_notices":[],"_links":{"self":[{"href":"https:\/\/mysoftworlds.com\/en\/wp-json\/wp\/v2\/pages\/2765"}],"collection":[{"href":"https:\/\/mysoftworlds.com\/en\/wp-json\/wp\/v2\/pages"}],"about":[{"href":"https:\/\/mysoftworlds.com\/en\/wp-json\/wp\/v2\/types\/page"}],"author":[{"embeddable":true,"href":"https:\/\/mysoftworlds.com\/en\/wp-json\/wp\/v2\/users\/1"}],"replies":[{"embeddable":true,"href":"https:\/\/mysoftworlds.com\/en\/wp-json\/wp\/v2\/comments?post=2765"}],"version-history":[{"count":0,"href":"https:\/\/mysoftworlds.com\/en\/wp-json\/wp\/v2\/pages\/2765\/revisions"}],"wp:attachment":[{"href":"https:\/\/mysoftworlds.com\/en\/wp-json\/wp\/v2\/media?parent=2765"}],"curies":[{"name":"wp","href":"https:\/\/api.w.org\/{rel}","templated":true}]}}