{"id":190,"date":"2026-05-02T20:55:22","date_gmt":"2026-05-02T17:55:22","guid":{"rendered":"https:\/\/mysoftworlds.com\/web7\/?post_type=product&#038;p=190"},"modified":"2026-05-02T20:55:22","modified_gmt":"2026-05-02T17:55:22","slug":"sandikli-kina-hediyeligi","status":"publish","type":"product","link":"https:\/\/mysoftworlds.com\/web7\/product\/sandikli-kina-hediyeligi\/","title":{"rendered":"Sand\u0131kl\u0131 k\u0131na hediyeli\u011fi"},"content":{"rendered":"","protected":false},"excerpt":{"rendered":"<p>Sand\u0131kl\u0131 k\u0131na hediyeli\u011fi<\/p>\n<p>\u0130\u00e7inde lotus toka ve k\u0131na \u015fi\u015fesi vard\u0131r<\/p>\n<p>Fiyat 20 adet<\/p>\n","protected":false},"featured_media":191,"template":"","meta":{"om_disable_all_campaigns":false,"_monsterinsights_skip_tracking":false,"_monsterinsights_sitenote_active":false,"_monsterinsights_sitenote_note":"","_monsterinsights_sitenote_category":0},"product_brand":[],"product_cat":[21],"product_tag":[],"class_list":{"0":"post-190","1":"product","2":"type-product","3":"status-publish","4":"has-post-thumbnail","6":"product_cat-kina-hediyelikleri","8":"first","9":"instock","10":"taxable","11":"shipping-taxable","12":"purchasable","13":"product-type-simple"},"aioseo_notices":[],"_links":{"self":[{"href":"https:\/\/mysoftworlds.com\/web7\/wp-json\/wp\/v2\/product\/190","targetHints":{"allow":["GET"]}}],"collection":[{"href":"https:\/\/mysoftworlds.com\/web7\/wp-json\/wp\/v2\/product"}],"about":[{"href":"https:\/\/mysoftworlds.com\/web7\/wp-json\/wp\/v2\/types\/product"}],"wp:featuredmedia":[{"embeddable":true,"href":"https:\/\/mysoftworlds.com\/web7\/wp-json\/wp\/v2\/media\/191"}],"wp:attachment":[{"href":"https:\/\/mysoftworlds.com\/web7\/wp-json\/wp\/v2\/media?parent=190"}],"wp:term":[{"taxonomy":"product_brand","embeddable":true,"href":"https:\/\/mysoftworlds.com\/web7\/wp-json\/wp\/v2\/product_brand?post=190"},{"taxonomy":"product_cat","embeddable":true,"href":"https:\/\/mysoftworlds.com\/web7\/wp-json\/wp\/v2\/product_cat?post=190"},{"taxonomy":"product_tag","embeddable":true,"href":"https:\/\/mysoftworlds.com\/web7\/wp-json\/wp\/v2\/product_tag?post=190"}],"curies":[{"name":"wp","href":"https:\/\/api.w.org\/{rel}","templated":true}]}}